{"id":613,"date":"2021-01-09T16:49:56","date_gmt":"2021-01-09T16:49:56","guid":{"rendered":"http:\/\/www.goldschmiedezimmer.de\/wp\/?page_id=613"},"modified":"2022-02-15T13:35:20","modified_gmt":"2022-02-15T13:35:20","slug":"impressum","status":"publish","type":"page","link":"https:\/\/www.goldschmiedezimmer.de\/wp\/?page_id=613","title":{"rendered":"Impressum"},"content":{"rendered":"<p>[et_pb_section fb_built=&#8220;1&#8243; admin_label=&#8220;Shop Section&#8220; _builder_version=&#8220;4.7.7&#8243; background_color=&#8220;#000000&#8243; background_enable_image=&#8220;off&#8220; background_blend=&#8220;multiply&#8220; custom_padding=&#8220;183px||0px|||&#8220; global_colors_info=&#8220;{}&#8220;][et_pb_row use_custom_gutter=&#8220;on&#8220; gutter_width=&#8220;0&#8243; make_equal=&#8220;on&#8220; admin_label=&#8220;About Area&#8220; _builder_version=&#8220;4.7.7&#8243; width=&#8220;100%&#8220; max_width=&#8220;100%&#8220; custom_margin=&#8220;-183px|auto||auto|false|false&#8220; custom_padding=&#8220;0px||0px||false|false&#8220; use_custom_width=&#8220;on&#8220; width_unit=&#8220;off&#8220; custom_width_percent=&#8220;100%&#8220; global_colors_info=&#8220;{}&#8220;][et_pb_column type=&#8220;4_4&#8243; _builder_version=&#8220;4.7.7&#8243; background_color=&#8220;#1e1d1c&#8220; background_image=&#8220;https:\/\/www.goldschmiedezimmer.de\/wp\/wp-content\/uploads\/2021\/01\/ring_Herstellung.jpg&#8220; background_position=&#8220;center_right&#8220; custom_padding=&#8220;10%|5%|10%|5%|false|false&#8220; global_colors_info=&#8220;{}&#8220; custom_padding__hover=&#8220;|||&#8220;][\/et_pb_column][\/et_pb_row][et_pb_row admin_label=&#8220;Shop Title Area&#8220; _builder_version=&#8220;3.25&#8243; custom_padding=&#8220;67px|||||&#8220; global_colors_info=&#8220;{}&#8220;][et_pb_column type=&#8220;4_4&#8243; _builder_version=&#8220;3.25&#8243; custom_padding=&#8220;|||&#8220; global_colors_info=&#8220;{}&#8220; custom_padding__hover=&#8220;|||&#8220;][et_pb_text admin_label=&#8220;Title&#8220; _builder_version=&#8220;4.7.7&#8243; text_text_color=&#8220;#ffffff&#8220; header_font=&#8220;||||||||&#8220; header_text_color=&#8220;#e8e8e8&#8243; header_2_font=&#8220;Poppins|600|||||||&#8220; header_2_text_color=&#8220;#898989&#8243; header_2_font_size=&#8220;36px&#8220; header_2_line_height=&#8220;1.2em&#8220; background_color=&#8220;rgba(0,0,0,0)&#8220; width=&#8220;100%&#8220; module_alignment=&#8220;center&#8220; animation_style=&#8220;fold&#8220; animation_direction=&#8220;left&#8220; animation_intensity_fold=&#8220;10%&#8220; animation_starting_opacity=&#8220;100%&#8220; inline_fonts=&#8220;Alata&#8220; global_colors_info=&#8220;{}&#8220;]<\/p>\n<h2 style=\"text-align: center;\">Impressum<\/h2>\n<p>[\/et_pb_text][\/et_pb_column][\/et_pb_row][\/et_pb_section][et_pb_section fb_built=&#8220;1&#8243; admin_label=&#8220;Shop Section&#8220; _builder_version=&#8220;4.7.7&#8243; background_color=&#8220;#000000&#8243; background_enable_image=&#8220;off&#8220; background_blend=&#8220;multiply&#8220; custom_padding=&#8220;47px||2px|||&#8220; global_colors_info=&#8220;{}&#8220;][et_pb_row _builder_version=&#8220;4.7.7&#8243; _module_preset=&#8220;default&#8220; global_colors_info=&#8220;{}&#8220;][et_pb_column type=&#8220;4_4&#8243; _builder_version=&#8220;4.7.7&#8243; _module_preset=&#8220;default&#8220; global_colors_info=&#8220;{}&#8220;][et_pb_text _builder_version=&#8220;4.14.7&#8243; _module_preset=&#8220;default&#8220; header_4_text_color=&#8220;#898989&#8243; header_4_line_height=&#8220;1.9em&#8220; header_5_text_color=&#8220;#e8e8e8&#8243; global_colors_info=&#8220;{}&#8220;]<\/p>\n<h4><\/h4>\n<h4>Verantwortlich f\u00fcr den Inhalt:<br \/>Jochen Zimmer \u00b7 Goldschmiede \u00b7 Atelier<br \/>Hauptstra\u00dfe 6 \u00b7 97437 Ha\u00dffurt<\/h4>\n<h4>Telefon 09521 618136\u00a0<br \/>E-Mail\u00a0jz@goldschmiedezimmer.de<\/h4>\n<h4>Ust.Id.Nr: DE 222869858<br \/>&#8230;&#8230;&#8230;&#8230;&#8230;&#8230;&#8230;&#8230;&#8230;&#8230;&#8230;&#8230;&#8230;&#8230;&#8230;&#8230;&#8230;&#8230;&#8230;..<br \/><span style=\"color: #efcb15;\">Grafik \u00b7 Layout \u00b7 Fotografie by<\/span><br \/><a href=\"www.quadratmedia.de\"><strong><span style=\"color: #efcb15;\">www.quadratmedia.de<\/span><\/strong><\/a><\/h4>\n<h4><\/h4>\n<h4>IMPRESSUM DATENSCHUTZ<\/h4>\n<h4><\/h4>\n<h4>Beschwerdeverfahren:<br \/>Das Unternehmen nimmt nicht an Streitbeilegungsverfahren vor einer Verbraucherschlichtungsstelle teil. Die Europ\u00e4ische Kommission stellt eine Plattform zur Online-Streitbeilegung (OS) bereit. Die Plattform finden Sie unter\u00a0http:\/\/ec.europa.eu\/consumers\/odr\/<\/h4>\n<h4><\/h4>\n<h4>Haftungsausschluss (Disclaimer)<br \/>Haftung f\u00fcr Inhalte<br \/>Als Diensteanbieter sind wir gem\u00e4\u00df \u00a7 7 Abs.1 TMG f\u00fcr eigene Inhalte auf diesen Seiten nach den allgemeinen Gesetzen verantwortlich. Nach \u00a7\u00a7 8 bis 10 TMG sind wir als Diensteanbieter jedoch nicht verpflichtet, \u00fcbermittelte oder gespeicherte fremde Informationen zu \u00fcberwachen oder nach Umst\u00e4nden zu forschen, die auf eine rechtswidrige T\u00e4tigkeit hinweisen. Verpflichtungen zur Entfernung oder Sperrung der Nutzung von Informationen nach den allgemeinen Gesetzen bleiben hiervon unber\u00fchrt. Eine diesbez\u00fcgliche Haftung ist jedoch erst ab dem Zeitpunkt der Kenntnis einer konkreten Rechtsverletzung m\u00f6glich. Bei Bekanntwerden von entsprechenden Rechtsverletzungen werden wir diese Inhalte umgehend entfernen.<\/h4>\n<h4>Haftung f\u00fcr Links<br \/>Unser Angebot enth\u00e4lt Links zu externen Webseiten Dritter, auf deren Inhalte wir keinen Einfluss haben. Deshalb k\u00f6nnen wir f\u00fcr diese fremden Inhalte auch keine Gew\u00e4hr \u00fcbernehmen. F\u00fcr die Inhalte der verlinkten Seiten ist stets der jeweilige Anbieter oder Betreiber der Seiten verantwortlich. Die verlinkten Seiten wurden zum Zeitpunkt der Verlinkung auf m\u00f6gliche Rechtsverst\u00f6\u00dfe \u00fcberpr\u00fcft. Rechtswidrige Inhalte waren zum Zeitpunkt der Verlinkung nicht erkennbar. Eine permanente inhaltliche Kontrolle der verlinkten Seiten ist jedoch ohne konkrete Anhaltspunkte einer Rechtsverletzung nicht zumutbar. Bei Bekanntwerden von Rechtsverletzungen werden wir derartige Links umgehend entfernen.<\/h4>\n<h4>Urheberrecht<br \/>Die durch die Seitenbetreiber erstellten Inhalte und Werke auf diesen Seiten unterliegen dem deutschen Urheberrecht. Die Vervielf\u00e4ltigung, Bearbeitung, Verbreitung und jede Art der Verwertung au\u00dferhalb der Grenzen des Urheberrechtes bed\u00fcrfen der schriftlichen Zustimmung des jeweiligen Autors bzw. Erstellers. Downloads und Kopien dieser Seite sind nur f\u00fcr den privaten, nicht kommerziellen Gebrauch gestattet. Soweit die Inhalte auf dieser Seite nicht vom Betreiber erstellt wurden, werden die Urheberrechte Dritter beachtet. Insbesondere werden Inhalte Dritter als solche gekennzeichnet. Sollten Sie trotzdem auf eine Urheberrechtsverletzung aufmerksam werden, bitten wir um einen entsprechenden Hinweis. Bei Bekanntwerden von Rechtsverletzungen werden wir derartige Inhalte umgehend entfernen.<\/h4>\n<h4><\/h4>\n<h4>Datenschutzerkl\u00e4rung:<br \/>Datenschutz<br \/>Die Nutzung unserer Webseite ist in der Regel ohne Angabe personenbezogener Daten m\u00f6glich. Soweit auf unseren Seiten personenbezogene Daten (beispielsweise Name, Anschrift oder eMail-Adressen) erhoben werden, erfolgt dies, soweit m\u00f6glich, stets auf freiwilliger Basis. Diese Daten werden ohne Ihre ausdr\u00fcckliche Zustimmung nicht an Dritte weitergegeben.<br \/>Wir weisen darauf hin, dass die Daten\u00fcbertragung im Internet (z.B. bei der Kommunikation per E-Mail) Sicherheitsl\u00fccken aufweisen kann. Ein l\u00fcckenloser Schutz der Daten vor dem Zugriff durch Dritte ist nicht m\u00f6glich.<br \/>Der Nutzung von im Rahmen der Impressumspflicht ver\u00f6ffentlichten Kontaktdaten durch Dritte zur \u00dcbersendung von nicht ausdr\u00fccklich angeforderter Werbung und Informationsmaterialien wird hiermit ausdr\u00fccklich widersprochen. Die Betreiber der Seiten behalten sich ausdr\u00fccklich rechtliche Schritte im Falle der unverlangten Zusendung von Werbeinformationen, etwa durch Spam-Mails, vor.<\/h4>\n<h4>Datenschutzerkl\u00e4rung f\u00fcr die Nutzung von Google Analytics<br \/>Diese Website benutzt Google Analytics, einen Webanalysedienst der Google Inc. (&#8222;Google&#8220;). Google Analytics verwendet sog. &#8222;Cookies&#8220;, Textdateien, die auf Ihrem Computer gespeichert werden und die eine Analyse der Benutzung der Website durch Sie erm\u00f6glichen. Die durch den Cookie erzeugten Informationen \u00fcber Ihre Benutzung dieser Website werden in der Regel an einen Server von Google in den USA \u00fcbertragen und dort gespeichert. Im Falle der Aktivierung der IP-Anonymisierung auf dieser Webseite wird Ihre IP-Adresse von Google jedoch innerhalb von Mitgliedstaaten der Europ\u00e4ischen Union oder in anderen Vertragsstaaten des Abkommens \u00fcber den Europ\u00e4ischen Wirtschaftsraum zuvor gek\u00fcrzt.<br \/>Nur in Ausnahmef\u00e4llen wird die volle IP-Adresse an einen Server von Google in den USA \u00fcbertragen und dort gek\u00fcrzt. Im Auftrag des Betreibers dieser Website wird Google diese Informationen benutzen, um Ihre Nutzung der Website auszuwerten, um Reports \u00fcber die Websiteaktivit\u00e4ten zusammenzustellen und um weitere mit der Websitenutzung und der Internetnutzung verbundene Dienstleistungen gegen\u00fcber dem Websitebetreiber zu erbringen. Die im Rahmen von Google Analytics von Ihrem Browser \u00fcbermittelte IP-Adresse wird nicht mit anderen Daten von Google zusammengef\u00fchrt.<br \/>Sie k\u00f6nnen die Speicherung der Cookies durch eine entsprechende Einstellung Ihrer Browser-Software verhindern; wir weisen Sie jedoch darauf hin, dass Sie in diesem Fall gegebenenfalls nicht s\u00e4mtliche Funktionen dieser Website vollumf\u00e4nglich werden nutzen k\u00f6nnen. Sie k\u00f6nnen dar\u00fcber hinaus die Erfassung der durch das Cookie erzeugten und auf Ihre Nutzung der Website bezogenen Daten (inkl. Ihrer IP-Adresse) an Google sowie die Verarbeitung dieser Daten durch Google verhindern, indem sie das unter dem folgenden Link verf\u00fcgbare Browser-Plugin herunterladen und installieren:\u00a0<a href=\"http:\/\/www.google.com\/intl\/de\/analytics\/learn\/privacy.html\" target=\"_blank\" rel=\"noopener noreferrer\">http:\/\/www.google.com\/intl\/de\/analytics\/learn\/privacy.html<\/a>.<\/h4>\n<h4>Quellverweis: eRecht24, Datenschutzerkl\u00e4rung f\u00fcr Google Analytics\u00b7 Quellen eRecht24<\/h4>\n<p>[\/et_pb_text][\/et_pb_column][\/et_pb_row][\/et_pb_section][et_pb_section fb_built=&#8220;1&#8243; admin_label=&#8220;Footer Section&#8220; _builder_version=&#8220;3.22&#8243; background_color=&#8220;#1e1d1c&#8220; custom_padding=&#8220;90px||90px|&#8220; global_colors_info=&#8220;{}&#8220;][et_pb_row column_structure=&#8220;1_3,1_3,1_3&#8243; admin_label=&#8220;Footer Area&#8220; _builder_version=&#8220;3.25&#8243; global_colors_info=&#8220;{}&#8220;][et_pb_column type=&#8220;1_3&#8243; _builder_version=&#8220;3.25&#8243; custom_padding=&#8220;|||&#8220; global_colors_info=&#8220;{}&#8220; custom_padding__hover=&#8220;|||&#8220;][et_pb_text ul_type=&#8220;none&#8220; admin_label=&#8220;Title&#8220; _builder_version=&#8220;4.4.3&#8243; text_font=&#8220;Poppins||||||||&#8220; text_text_color=&#8220;rgba(255,255,255,0.7)&#8220; text_font_size=&#8220;16px&#8220; text_line_height=&#8220;1.8em&#8220; ul_font=&#8220;Poppins||||||||&#8220; ul_text_align=&#8220;center&#8220; header_font=&#8220;||||||||&#8220; header_2_font=&#8220;Poppins||||||||&#8220; header_2_text_align=&#8220;center&#8220; header_2_font_size=&#8220;24px&#8220; header_2_line_height=&#8220;1.4em&#8220; text_orientation=&#8220;center&#8220; background_layout=&#8220;dark&#8220; custom_margin=&#8220;||15px|&#8220; custom_padding=&#8220;|||&#8220; animation_style=&#8220;fade&#8220; global_colors_info=&#8220;{}&#8220;]<\/p>\n<h2>Adresse<\/h2>\n<p>Jochen Zimmer <br \/>Goldschmiede Atelier<br \/>Hauptstra\u00dfe 6 \u00b7 97437 Ha\u00dffurt<\/p>\n<p>[\/et_pb_text][\/et_pb_column][et_pb_column type=&#8220;1_3&#8243; _builder_version=&#8220;3.25&#8243; custom_padding=&#8220;|||&#8220; global_colors_info=&#8220;{}&#8220; custom_padding__hover=&#8220;|||&#8220;][et_pb_text ul_type=&#8220;none&#8220; admin_label=&#8220;Title&#8220; _builder_version=&#8220;4.14.7&#8243; text_font=&#8220;Poppins||||||||&#8220; text_text_color=&#8220;rgba(255,255,255,0.7)&#8220; text_font_size=&#8220;16px&#8220; text_line_height=&#8220;1.8em&#8220; ul_font=&#8220;Poppins||||||||&#8220; ul_text_align=&#8220;center&#8220; header_font=&#8220;||||||||&#8220; header_2_font=&#8220;Poppins||||||||&#8220; header_2_text_align=&#8220;center&#8220; header_2_font_size=&#8220;24px&#8220; header_2_line_height=&#8220;1.4em&#8220; text_orientation=&#8220;center&#8220; background_layout=&#8220;dark&#8220; custom_margin=&#8220;||15px|&#8220; custom_padding=&#8220;|||&#8220; animation_style=&#8220;fade&#8220; global_colors_info=&#8220;{}&#8220;]<\/p>\n<h2>Telefon \/ Mail<\/h2>\n<p>Telefon 09521 618136<\/p>\n<p>E-Mail: jz@goldschmiedezimmer.de<\/p>\n<p>[\/et_pb_text][\/et_pb_column][et_pb_column type=&#8220;1_3&#8243; _builder_version=&#8220;3.25&#8243; custom_padding=&#8220;|||&#8220; global_colors_info=&#8220;{}&#8220; custom_padding__hover=&#8220;|||&#8220;][et_pb_text ul_type=&#8220;none&#8220; admin_label=&#8220;Title&#8220; _builder_version=&#8220;4.14.7&#8243; text_font=&#8220;Poppins||||||||&#8220; text_text_color=&#8220;rgba(255,255,255,0.7)&#8220; text_font_size=&#8220;16px&#8220; text_line_height=&#8220;1.8em&#8220; ul_font=&#8220;Poppins||||||||&#8220; ul_text_align=&#8220;center&#8220; header_font=&#8220;||||||||&#8220; header_2_font=&#8220;Poppins||||||||&#8220; header_2_text_align=&#8220;center&#8220; header_2_font_size=&#8220;24px&#8220; header_2_line_height=&#8220;1.4em&#8220; text_orientation=&#8220;center&#8220; background_layout=&#8220;dark&#8220; custom_margin=&#8220;||15px|&#8220; custom_padding=&#8220;|||&#8220; animation_style=&#8220;fade&#8220; global_colors_info=&#8220;{}&#8220;]<\/p>\n<h2>\u00d6ffnungszeiten<\/h2>\n<p>Mo. \/ Di.\u00a0 \u00a0 \u00a0 \u00a0 \u00a0 \u00a0 \u00a0 \u00a09.00 &#8211; 18.00 Uhr<\/p>\n<p>Mi.\u00a0 \u00a0 \u00a0 \u00a0 \u00a0 \u00a0 \u00a0 \u00a0 \u00a0 \u00a0 \u00a0 \u00a0 \u00a0 9.00 &#8211; 13.00 Uhr<\/p>\n<p>Do. \/ Fr.\u00a0 \u00a0 \u00a0 \u00a0 \u00a0 \u00a0 \u00a0 \u00a0 9.00 &#8211; 18.00 Uhr<\/p>\n<p>\u00a0Sa.\u00a0 \u00a0 \u00a0 Termin nach Vereinbarung<\/p>\n<p>[\/et_pb_text][\/et_pb_column][\/et_pb_row][\/et_pb_section]<\/p>\n","protected":false},"excerpt":{"rendered":"<p>Impressum Verantwortlich f\u00fcr den Inhalt:Jochen Zimmer \u00b7 Goldschmiede \u00b7 AtelierHauptstra\u00dfe 6 \u00b7 97437 Ha\u00dffurt Telefon 09521 618136\u00a0E-Mail\u00a0jz@goldschmiedezimmer.de Ust.Id.Nr: DE 222869858&#8230;&#8230;&#8230;&#8230;&#8230;&#8230;&#8230;&#8230;&#8230;&#8230;&#8230;&#8230;&#8230;&#8230;&#8230;&#8230;&#8230;&#8230;&#8230;..Grafik \u00b7 Layout \u00b7 Fotografie bywww.quadratmedia.de IMPRESSUM DATENSCHUTZ Beschwerdeverfahren:Das Unternehmen nimmt nicht an Streitbeilegungsverfahren vor einer Verbraucherschlichtungsstelle teil. Die Europ\u00e4ische Kommission stellt eine Plattform zur Online-Streitbeilegung (OS) bereit. Die Plattform finden Sie unter\u00a0http:\/\/ec.europa.eu\/consumers\/odr\/ Haftungsausschluss (Disclaimer)Haftung f\u00fcr [&hellip;]<\/p>\n","protected":false},"author":1,"featured_media":0,"parent":0,"menu_order":0,"comment_status":"closed","ping_status":"closed","template":"","meta":{"_et_pb_use_builder":"on","_et_pb_old_content":"","_et_gb_content_width":"","footnotes":""},"class_list":["post-613","page","type-page","status-publish","hentry"],"yoast_head":"<!-- This site is optimized with the Yoast SEO plugin v27.5 - https:\/\/yoast.com\/product\/yoast-seo-wordpress\/ -->\n<title>Impressum - Goldschmiede Zimmer \u00b7 Trauringe \u00b7\u00a0Eheringe \u00b7 Hochzeitsringe \u00b7 Schmuck \u00b7 Ha\u00dffurt \u00b7\u00a0Bamberg \u00b7 Schweinfurt<\/title>\n<meta name=\"robots\" content=\"index, follow, max-snippet:-1, max-image-preview:large, max-video-preview:-1\" \/>\n<link rel=\"canonical\" href=\"https:\/\/www.goldschmiedezimmer.de\/wp\/?page_id=613\" \/>\n<meta property=\"og:locale\" content=\"de_DE\" \/>\n<meta property=\"og:type\" content=\"article\" \/>\n<meta property=\"og:title\" content=\"Impressum - Goldschmiede Zimmer \u00b7 Trauringe \u00b7\u00a0Eheringe \u00b7 Hochzeitsringe \u00b7 Schmuck \u00b7 Ha\u00dffurt \u00b7\u00a0Bamberg \u00b7 Schweinfurt\" \/>\n<meta property=\"og:description\" content=\"Impressum Verantwortlich f\u00fcr den Inhalt:Jochen Zimmer \u00b7 Goldschmiede \u00b7 AtelierHauptstra\u00dfe 6 \u00b7 97437 Ha\u00dffurt Telefon 09521 618136\u00a0E-Mail\u00a0jz@goldschmiedezimmer.de Ust.Id.Nr: DE 222869858...........................................................Grafik \u00b7 Layout \u00b7 Fotografie bywww.quadratmedia.de IMPRESSUM DATENSCHUTZ Beschwerdeverfahren:Das Unternehmen nimmt nicht an Streitbeilegungsverfahren vor einer Verbraucherschlichtungsstelle teil. Die Europ\u00e4ische Kommission stellt eine Plattform zur Online-Streitbeilegung (OS) bereit. Die Plattform finden Sie unter\u00a0http:\/\/ec.europa.eu\/consumers\/odr\/ Haftungsausschluss (Disclaimer)Haftung f\u00fcr [&hellip;]\" \/>\n<meta property=\"og:url\" content=\"https:\/\/www.goldschmiedezimmer.de\/wp\/?page_id=613\" \/>\n<meta property=\"og:site_name\" content=\"Goldschmiede Zimmer \u00b7 Trauringe \u00b7\u00a0Eheringe \u00b7 Hochzeitsringe \u00b7 Schmuck \u00b7 Ha\u00dffurt \u00b7\u00a0Bamberg \u00b7 Schweinfurt\" \/>\n<meta property=\"article:modified_time\" content=\"2022-02-15T13:35:20+00:00\" \/>\n<meta name=\"twitter:card\" content=\"summary_large_image\" \/>\n<meta name=\"twitter:label1\" content=\"Gesch\u00e4tzte Lesezeit\" \/>\n\t<meta name=\"twitter:data1\" content=\"7\u00a0Minuten\" \/>\n<script type=\"application\/ld+json\" class=\"yoast-schema-graph\">{\"@context\":\"https:\\\/\\\/schema.org\",\"@graph\":[{\"@type\":\"WebPage\",\"@id\":\"https:\\\/\\\/www.goldschmiedezimmer.de\\\/wp\\\/?page_id=613\",\"url\":\"https:\\\/\\\/www.goldschmiedezimmer.de\\\/wp\\\/?page_id=613\",\"name\":\"Impressum - Goldschmiede Zimmer \u00b7 Trauringe \u00b7\u00a0Eheringe \u00b7 Hochzeitsringe \u00b7 Schmuck \u00b7 Ha\u00dffurt \u00b7\u00a0Bamberg \u00b7 Schweinfurt\",\"isPartOf\":{\"@id\":\"https:\\\/\\\/www.goldschmiedezimmer.de\\\/wp\\\/#website\"},\"datePublished\":\"2021-01-09T16:49:56+00:00\",\"dateModified\":\"2022-02-15T13:35:20+00:00\",\"breadcrumb\":{\"@id\":\"https:\\\/\\\/www.goldschmiedezimmer.de\\\/wp\\\/?page_id=613#breadcrumb\"},\"inLanguage\":\"de\",\"potentialAction\":[{\"@type\":\"ReadAction\",\"target\":[\"https:\\\/\\\/www.goldschmiedezimmer.de\\\/wp\\\/?page_id=613\"]}]},{\"@type\":\"BreadcrumbList\",\"@id\":\"https:\\\/\\\/www.goldschmiedezimmer.de\\\/wp\\\/?page_id=613#breadcrumb\",\"itemListElement\":[{\"@type\":\"ListItem\",\"position\":1,\"name\":\"Startseite\",\"item\":\"https:\\\/\\\/www.goldschmiedezimmer.de\\\/wp\\\/\"},{\"@type\":\"ListItem\",\"position\":2,\"name\":\"Impressum\"}]},{\"@type\":\"WebSite\",\"@id\":\"https:\\\/\\\/www.goldschmiedezimmer.de\\\/wp\\\/#website\",\"url\":\"https:\\\/\\\/www.goldschmiedezimmer.de\\\/wp\\\/\",\"name\":\"Goldschmiede Zimmer \u00b7 Trauringe \u00b7\u00a0Eheringe \u00b7 Hochzeitsringe \u00b7 Schmuck \u00b7 Ha\u00dffurt \u00b7\u00a0Bamberg \u00b7 Schweinfurt\",\"description\":\"Ihr Goldschmied im Herzen von Ha\u00dffurt f\u00fcr Trauringe, Hochzeitsringe, Eheringe und Schmuck\",\"publisher\":{\"@id\":\"https:\\\/\\\/www.goldschmiedezimmer.de\\\/wp\\\/#organization\"},\"potentialAction\":[{\"@type\":\"SearchAction\",\"target\":{\"@type\":\"EntryPoint\",\"urlTemplate\":\"https:\\\/\\\/www.goldschmiedezimmer.de\\\/wp\\\/?s={search_term_string}\"},\"query-input\":{\"@type\":\"PropertyValueSpecification\",\"valueRequired\":true,\"valueName\":\"search_term_string\"}}],\"inLanguage\":\"de\"},{\"@type\":\"Organization\",\"@id\":\"https:\\\/\\\/www.goldschmiedezimmer.de\\\/wp\\\/#organization\",\"name\":\"Goldschmiede Zimmer\",\"url\":\"https:\\\/\\\/www.goldschmiedezimmer.de\\\/wp\\\/\",\"logo\":{\"@type\":\"ImageObject\",\"inLanguage\":\"de\",\"@id\":\"https:\\\/\\\/www.goldschmiedezimmer.de\\\/wp\\\/#\\\/schema\\\/logo\\\/image\\\/\",\"url\":\"https:\\\/\\\/www.goldschmiedezimmer.de\\\/wp\\\/wp-content\\\/uploads\\\/2020\\\/04\\\/cropped-zimmer_goldschnmiede_logo_silber.jpg\",\"contentUrl\":\"https:\\\/\\\/www.goldschmiedezimmer.de\\\/wp\\\/wp-content\\\/uploads\\\/2020\\\/04\\\/cropped-zimmer_goldschnmiede_logo_silber.jpg\",\"width\":512,\"height\":512,\"caption\":\"Goldschmiede Zimmer\"},\"image\":{\"@id\":\"https:\\\/\\\/www.goldschmiedezimmer.de\\\/wp\\\/#\\\/schema\\\/logo\\\/image\\\/\"}}]}<\/script>\n<!-- \/ Yoast SEO plugin. -->","yoast_head_json":{"title":"Impressum - Goldschmiede Zimmer \u00b7 Trauringe \u00b7\u00a0Eheringe \u00b7 Hochzeitsringe \u00b7 Schmuck \u00b7 Ha\u00dffurt \u00b7\u00a0Bamberg \u00b7 Schweinfurt","robots":{"index":"index","follow":"follow","max-snippet":"max-snippet:-1","max-image-preview":"max-image-preview:large","max-video-preview":"max-video-preview:-1"},"canonical":"https:\/\/www.goldschmiedezimmer.de\/wp\/?page_id=613","og_locale":"de_DE","og_type":"article","og_title":"Impressum - Goldschmiede Zimmer \u00b7 Trauringe \u00b7\u00a0Eheringe \u00b7 Hochzeitsringe \u00b7 Schmuck \u00b7 Ha\u00dffurt \u00b7\u00a0Bamberg \u00b7 Schweinfurt","og_description":"Impressum Verantwortlich f\u00fcr den Inhalt:Jochen Zimmer \u00b7 Goldschmiede \u00b7 AtelierHauptstra\u00dfe 6 \u00b7 97437 Ha\u00dffurt Telefon 09521 618136\u00a0E-Mail\u00a0jz@goldschmiedezimmer.de Ust.Id.Nr: DE 222869858...........................................................Grafik \u00b7 Layout \u00b7 Fotografie bywww.quadratmedia.de IMPRESSUM DATENSCHUTZ Beschwerdeverfahren:Das Unternehmen nimmt nicht an Streitbeilegungsverfahren vor einer Verbraucherschlichtungsstelle teil. Die Europ\u00e4ische Kommission stellt eine Plattform zur Online-Streitbeilegung (OS) bereit. Die Plattform finden Sie unter\u00a0http:\/\/ec.europa.eu\/consumers\/odr\/ Haftungsausschluss (Disclaimer)Haftung f\u00fcr [&hellip;]","og_url":"https:\/\/www.goldschmiedezimmer.de\/wp\/?page_id=613","og_site_name":"Goldschmiede Zimmer \u00b7 Trauringe \u00b7\u00a0Eheringe \u00b7 Hochzeitsringe \u00b7 Schmuck \u00b7 Ha\u00dffurt \u00b7\u00a0Bamberg \u00b7 Schweinfurt","article_modified_time":"2022-02-15T13:35:20+00:00","twitter_card":"summary_large_image","twitter_misc":{"Gesch\u00e4tzte Lesezeit":"7\u00a0Minuten"},"schema":{"@context":"https:\/\/schema.org","@graph":[{"@type":"WebPage","@id":"https:\/\/www.goldschmiedezimmer.de\/wp\/?page_id=613","url":"https:\/\/www.goldschmiedezimmer.de\/wp\/?page_id=613","name":"Impressum - Goldschmiede Zimmer \u00b7 Trauringe \u00b7\u00a0Eheringe \u00b7 Hochzeitsringe \u00b7 Schmuck \u00b7 Ha\u00dffurt \u00b7\u00a0Bamberg \u00b7 Schweinfurt","isPartOf":{"@id":"https:\/\/www.goldschmiedezimmer.de\/wp\/#website"},"datePublished":"2021-01-09T16:49:56+00:00","dateModified":"2022-02-15T13:35:20+00:00","breadcrumb":{"@id":"https:\/\/www.goldschmiedezimmer.de\/wp\/?page_id=613#breadcrumb"},"inLanguage":"de","potentialAction":[{"@type":"ReadAction","target":["https:\/\/www.goldschmiedezimmer.de\/wp\/?page_id=613"]}]},{"@type":"BreadcrumbList","@id":"https:\/\/www.goldschmiedezimmer.de\/wp\/?page_id=613#breadcrumb","itemListElement":[{"@type":"ListItem","position":1,"name":"Startseite","item":"https:\/\/www.goldschmiedezimmer.de\/wp\/"},{"@type":"ListItem","position":2,"name":"Impressum"}]},{"@type":"WebSite","@id":"https:\/\/www.goldschmiedezimmer.de\/wp\/#website","url":"https:\/\/www.goldschmiedezimmer.de\/wp\/","name":"Goldschmiede Zimmer \u00b7 Trauringe \u00b7\u00a0Eheringe \u00b7 Hochzeitsringe \u00b7 Schmuck \u00b7 Ha\u00dffurt \u00b7\u00a0Bamberg \u00b7 Schweinfurt","description":"Ihr Goldschmied im Herzen von Ha\u00dffurt f\u00fcr Trauringe, Hochzeitsringe, Eheringe und Schmuck","publisher":{"@id":"https:\/\/www.goldschmiedezimmer.de\/wp\/#organization"},"potentialAction":[{"@type":"SearchAction","target":{"@type":"EntryPoint","urlTemplate":"https:\/\/www.goldschmiedezimmer.de\/wp\/?s={search_term_string}"},"query-input":{"@type":"PropertyValueSpecification","valueRequired":true,"valueName":"search_term_string"}}],"inLanguage":"de"},{"@type":"Organization","@id":"https:\/\/www.goldschmiedezimmer.de\/wp\/#organization","name":"Goldschmiede Zimmer","url":"https:\/\/www.goldschmiedezimmer.de\/wp\/","logo":{"@type":"ImageObject","inLanguage":"de","@id":"https:\/\/www.goldschmiedezimmer.de\/wp\/#\/schema\/logo\/image\/","url":"https:\/\/www.goldschmiedezimmer.de\/wp\/wp-content\/uploads\/2020\/04\/cropped-zimmer_goldschnmiede_logo_silber.jpg","contentUrl":"https:\/\/www.goldschmiedezimmer.de\/wp\/wp-content\/uploads\/2020\/04\/cropped-zimmer_goldschnmiede_logo_silber.jpg","width":512,"height":512,"caption":"Goldschmiede Zimmer"},"image":{"@id":"https:\/\/www.goldschmiedezimmer.de\/wp\/#\/schema\/logo\/image\/"}}]}},"_links":{"self":[{"href":"https:\/\/www.goldschmiedezimmer.de\/wp\/index.php?rest_route=\/wp\/v2\/pages\/613","targetHints":{"allow":["GET"]}}],"collection":[{"href":"https:\/\/www.goldschmiedezimmer.de\/wp\/index.php?rest_route=\/wp\/v2\/pages"}],"about":[{"href":"https:\/\/www.goldschmiedezimmer.de\/wp\/index.php?rest_route=\/wp\/v2\/types\/page"}],"author":[{"embeddable":true,"href":"https:\/\/www.goldschmiedezimmer.de\/wp\/index.php?rest_route=\/wp\/v2\/users\/1"}],"replies":[{"embeddable":true,"href":"https:\/\/www.goldschmiedezimmer.de\/wp\/index.php?rest_route=%2Fwp%2Fv2%2Fcomments&post=613"}],"version-history":[{"count":8,"href":"https:\/\/www.goldschmiedezimmer.de\/wp\/index.php?rest_route=\/wp\/v2\/pages\/613\/revisions"}],"predecessor-version":[{"id":987,"href":"https:\/\/www.goldschmiedezimmer.de\/wp\/index.php?rest_route=\/wp\/v2\/pages\/613\/revisions\/987"}],"wp:attachment":[{"href":"https:\/\/www.goldschmiedezimmer.de\/wp\/index.php?rest_route=%2Fwp%2Fv2%2Fmedia&parent=613"}],"curies":[{"name":"wp","href":"https:\/\/api.w.org\/{rel}","templated":true}]}}