{"id":591,"date":"2021-01-09T13:12:05","date_gmt":"2021-01-09T13:12:05","guid":{"rendered":"http:\/\/www.goldschmiedezimmer.de\/wp\/?page_id=591"},"modified":"2023-05-11T12:54:05","modified_gmt":"2023-05-11T12:54:05","slug":"goldschmiede","status":"publish","type":"page","link":"https:\/\/www.goldschmiedezimmer.de\/wp\/?page_id=591","title":{"rendered":"Goldschmiede"},"content":{"rendered":"<p>[et_pb_section fb_built=&#8220;1&#8243; admin_label=&#8220;Shop Section&#8220; _builder_version=&#8220;4.16&#8243; background_color=&#8220;#000000&#8243; background_enable_image=&#8220;off&#8220; background_blend=&#8220;multiply&#8220; custom_padding=&#8220;183px||0px|||&#8220; global_colors_info=&#8220;{}&#8220;][et_pb_row use_custom_gutter=&#8220;on&#8220; gutter_width=&#8220;0&#8243; make_equal=&#8220;on&#8220; admin_label=&#8220;About Area&#8220; _builder_version=&#8220;4.16&#8243; width=&#8220;100%&#8220; max_width=&#8220;100%&#8220; custom_margin=&#8220;-183px|auto||auto|false|false&#8220; custom_padding=&#8220;0px||0px||false|false&#8220; use_custom_width=&#8220;on&#8220; width_unit=&#8220;off&#8220; custom_width_percent=&#8220;100%&#8220; global_colors_info=&#8220;{}&#8220;][et_pb_column type=&#8220;4_4&#8243; _builder_version=&#8220;4.16&#8243; background_color=&#8220;#1e1d1c&#8220; background_image=&#8220;https:\/\/www.goldschmiedezimmer.de\/wp\/wp-content\/uploads\/2021\/01\/Goldschmiede_Spannring.jpg&#8220; background_position=&#8220;center_right&#8220; custom_padding=&#8220;10%|5%|10%|5%|false|false&#8220; global_colors_info=&#8220;{}&#8220; custom_padding__hover=&#8220;|||&#8220;][\/et_pb_column][\/et_pb_row][et_pb_row admin_label=&#8220;Shop Title Area&#8220; _builder_version=&#8220;4.16&#8243; custom_padding=&#8220;67px|||||&#8220; global_colors_info=&#8220;{}&#8220;][et_pb_column type=&#8220;4_4&#8243; _builder_version=&#8220;4.16&#8243; custom_padding=&#8220;|||&#8220; global_colors_info=&#8220;{}&#8220; custom_padding__hover=&#8220;|||&#8220;][et_pb_text admin_label=&#8220;Title&#8220; _builder_version=&#8220;4.16&#8243; text_text_color=&#8220;#ffffff&#8220; header_font=&#8220;||||||||&#8220; header_text_color=&#8220;#e8e8e8&#8243; header_2_font=&#8220;Poppins|600|||||||&#8220; header_2_text_color=&#8220;#898989&#8243; header_2_font_size=&#8220;36px&#8220; header_2_line_height=&#8220;1.2em&#8220; background_color=&#8220;rgba(0,0,0,0)&#8220; width=&#8220;100%&#8220; module_alignment=&#8220;center&#8220; animation_style=&#8220;fold&#8220; animation_direction=&#8220;left&#8220; animation_intensity_fold=&#8220;10%&#8220; animation_starting_opacity=&#8220;100%&#8220; inline_fonts=&#8220;Alata&#8220; global_colors_info=&#8220;{}&#8220;]<\/p>\n<h2 style=\"text-align: center;\">Goldschmiede<\/h2>\n<p>[\/et_pb_text][\/et_pb_column][\/et_pb_row][\/et_pb_section][et_pb_section fb_built=&#8220;1&#8243; admin_label=&#8220;Shop Section&#8220; _builder_version=&#8220;4.16&#8243; background_color=&#8220;#000000&#8243; background_enable_image=&#8220;off&#8220; background_blend=&#8220;multiply&#8220; custom_padding=&#8220;47px||2px|||&#8220; global_colors_info=&#8220;{}&#8220;][et_pb_row column_structure=&#8220;1_2,1_2&#8243; _builder_version=&#8220;4.16&#8243; _module_preset=&#8220;default&#8220; global_colors_info=&#8220;{}&#8220;][et_pb_column type=&#8220;1_2&#8243; _builder_version=&#8220;4.16&#8243; _module_preset=&#8220;default&#8220; global_colors_info=&#8220;{}&#8220;][et_pb_image src=&#8220;https:\/\/www.goldschmiedezimmer.de\/wp\/wp-content\/uploads\/2021\/01\/Goldschmiede_Ring_Hammer.jpg&#8220; title_text=&#8220;Goldschmiede_Ring_Hammer&#8220; show_in_lightbox=&#8220;on&#8220; _builder_version=&#8220;4.16&#8243; _module_preset=&#8220;default&#8220; global_colors_info=&#8220;{}&#8220;][\/et_pb_image][\/et_pb_column][et_pb_column type=&#8220;1_2&#8243; _builder_version=&#8220;4.16&#8243; _module_preset=&#8220;default&#8220; global_colors_info=&#8220;{}&#8220;][et_pb_text _builder_version=&#8220;4.16&#8243; _module_preset=&#8220;default&#8220; header_4_text_color=&#8220;#898989&#8243; header_4_line_height=&#8220;1.9em&#8220; header_5_text_color=&#8220;#e8e8e8&#8243; global_colors_info=&#8220;{}&#8220;]<\/p>\n<h4>Alle Trauringmodelle werden in unserer<br \/>Werkstatt von Hand gefertigt.<\/h4>\n<h4>Der gro\u00dfen Auswahl bei Ringprofilen, Mattierungen,<br \/>Edelmetallen und Edelsteinen sind deshalb keine Grenzen<br \/>gesetzt. Dadurch k\u00f6nnen wir auf Ihre individuellen W\u00fcnsche<br \/>eingehen und so entsteht St\u00fcck f\u00fcr St\u00fcck Ihr ganz pers\u00f6nlicher<br \/>Trau(m)ring.<\/h4>\n<h4>Auch wundersch\u00f6ne, au\u00dfergew\u00f6hnliche<br \/>Schmuckst\u00fccke werden in unserer Meisterwerkstatt gefertigt.<\/h4>\n<p>[\/et_pb_text][et_pb_image src=&#8220;https:\/\/www.goldschmiedezimmer.de\/wp\/wp-content\/uploads\/2021\/01\/Goldschmiede_Schmuckherstellung.jpg&#8220; title_text=&#8220;Goldschmiede_Schmuckherstellung&#8220; show_in_lightbox=&#8220;on&#8220; _builder_version=&#8220;4.16&#8243; _module_preset=&#8220;default&#8220; global_colors_info=&#8220;{}&#8220;][\/et_pb_image][\/et_pb_column][\/et_pb_row][et_pb_row _builder_version=&#8220;4.16&#8243; _module_preset=&#8220;default&#8220; global_colors_info=&#8220;{}&#8220;][et_pb_column type=&#8220;4_4&#8243; _builder_version=&#8220;4.16&#8243; _module_preset=&#8220;default&#8220; global_colors_info=&#8220;{}&#8220;][et_pb_text _builder_version=&#8220;4.16&#8243; _module_preset=&#8220;default&#8220; header_4_text_color=&#8220;#898989&#8243; header_4_line_height=&#8220;1.9em&#8220; header_5_text_color=&#8220;#e8e8e8&#8243; global_colors_info=&#8220;{}&#8220;]<\/p>\n<h4>Ob Ring, Ohrh\u00e4nger oder ein Collier, ein von uns entworfenes und von Hand gemachtes Schmuckst\u00fcck besticht durch seine Einzigartigkeit und die perfekte Verarbeitung der Edelmetalle. Diese Edelmetalle in Verbindung mit farbenreichen Edelsteinen, glanzvollen Perlen, und anderen edlen Materialien lassen ein auf Sie ma\u00dfgeschneidertes Schmuckst\u00fcck entstehen. <br \/>Vom klassischen, schlichten Trauring oder Schmuckst\u00fcck bis hin zur Verwirklichung Ihrer pers\u00f6nlichen Idee, gerne fertigen wir Ihnen ein unverbindliches Muster, Skizzen oder einen Kostenvoranschlag an.<\/h4>\n<h4>Um den Wert eines jeden Schmuckst\u00fccks zu best\u00e4tigen stellen wir Ihnen gerne ein kostenloses Zertifikat aus. Lassen Sie sich von uns beraten. Per Telefon, E-Mail oder bei einem pers\u00f6nlichen Gespr\u00e4ch in unserem Atelier.<\/h4>\n<p>[\/et_pb_text][et_pb_image src=&#8220;https:\/\/www.goldschmiedezimmer.de\/wp\/wp-content\/uploads\/2021\/01\/ring_Herstellung.jpg&#8220; title_text=&#8220;ring_Herstellung&#8220; _builder_version=&#8220;4.16&#8243; _module_preset=&#8220;default&#8220; global_colors_info=&#8220;{}&#8220;][\/et_pb_image][\/et_pb_column][\/et_pb_row][et_pb_row column_structure=&#8220;1_3,2_3&#8243; _builder_version=&#8220;4.16&#8243; _module_preset=&#8220;default&#8220; global_colors_info=&#8220;{}&#8220;][et_pb_column type=&#8220;1_3&#8243; _builder_version=&#8220;4.16&#8243; _module_preset=&#8220;default&#8220; global_colors_info=&#8220;{}&#8220;][et_pb_image src=&#8220;https:\/\/www.goldschmiedezimmer.de\/wp\/wp-content\/uploads\/2021\/01\/fotoherrzimmer_sw_klein_quadra.jpg&#8220; title_text=&#8220;fotoherrzimmer_sw_klein_quadra&#8220; _builder_version=&#8220;4.16&#8243; _module_preset=&#8220;default&#8220; width=&#8220;93%&#8220; global_colors_info=&#8220;{}&#8220;][\/et_pb_image][\/et_pb_column][et_pb_column type=&#8220;2_3&#8243; _builder_version=&#8220;4.16&#8243; _module_preset=&#8220;default&#8220; global_colors_info=&#8220;{}&#8220;][et_pb_divider _builder_version=&#8220;4.16&#8243; _module_preset=&#8220;default&#8220; global_colors_info=&#8220;{}&#8220;][\/et_pb_divider][et_pb_text _builder_version=&#8220;4.16&#8243; _module_preset=&#8220;default&#8220; header_4_text_color=&#8220;#898989&#8243; header_4_line_height=&#8220;1.9em&#8220; header_5_text_color=&#8220;#e8e8e8&#8243; global_colors_info=&#8220;{}&#8220;]<\/p>\n<h4><\/h4>\n<h4>JOCHEN ZIMMER<\/h4>\n<h4>1985 &#8211; 1989 \u00b7 Goldschmiedelehre Bossle, Schweinfurt<\/h4>\n<h4>1992 &#8211; 1997 \u00b7 Hensel &amp; Graml, Schweinfurt<\/h4>\n<h4>1997 &#8211; 2002 \u00b7 Traussneck, Ha\u00dffurt<\/h4>\n<h4>1999 \u00b7 Meisterpr\u00fcfung in W\u00fcrzburg \u00b7 Meisterpreis der bayerischen Staatsregierung<\/h4>\n<h4>seit 2002 \u00b7 selbstst\u00e4ndiger Goldschmiedemeister in Ha\u00dffurt<\/h4>\n<p>[\/et_pb_text][et_pb_divider _builder_version=&#8220;4.16&#8243; _module_preset=&#8220;default&#8220; global_colors_info=&#8220;{}&#8220;][\/et_pb_divider][\/et_pb_column][\/et_pb_row][et_pb_row column_structure=&#8220;1_3,2_3&#8243; _builder_version=&#8220;4.16&#8243; _module_preset=&#8220;default&#8220; global_colors_info=&#8220;{}&#8220;][et_pb_column type=&#8220;1_3&#8243; _builder_version=&#8220;4.16&#8243; _module_preset=&#8220;default&#8220; global_colors_info=&#8220;{}&#8220;][et_pb_image src=&#8220;https:\/\/www.goldschmiedezimmer.de\/wp\/wp-content\/uploads\/2021\/01\/fotopaularzimmer_sw_klein_quadra.jpg&#8220; title_text=&#8220;fotopaularzimmer_sw_klein_quadra&#8220; _builder_version=&#8220;4.16&#8243; _module_preset=&#8220;default&#8220; width=&#8220;93%&#8220; global_colors_info=&#8220;{}&#8220;][\/et_pb_image][\/et_pb_column][et_pb_column type=&#8220;2_3&#8243; _builder_version=&#8220;4.16&#8243; _module_preset=&#8220;default&#8220; global_colors_info=&#8220;{}&#8220;][et_pb_divider _builder_version=&#8220;4.16&#8243; _module_preset=&#8220;default&#8220; global_colors_info=&#8220;{}&#8220;][\/et_pb_divider][et_pb_text _builder_version=&#8220;4.21.0&#8243; _module_preset=&#8220;default&#8220; text_font_size=&#8220;20px&#8220; header_4_text_color=&#8220;#898989&#8243; header_4_line_height=&#8220;1.9em&#8220; header_5_text_color=&#8220;#e8e8e8&#8243; hover_enabled=&#8220;0&#8243; global_colors_info=&#8220;{}&#8220; sticky_enabled=&#8220;0&#8243;]<\/p>\n<h4><\/h4>\n<h4>PAULA ZIMMER<\/h4>\n<p>2018-2021 Goldschmiedelehre J. Zimmer, Hassfurt<\/p>\n<p>2021 Gesellenpr\u00fcfung erfolgreich in W\u00fcrzburg bestanden<\/p>\n<p>&nbsp;<\/p>\n<p>[\/et_pb_text][et_pb_divider _builder_version=&#8220;4.16&#8243; _module_preset=&#8220;default&#8220; global_colors_info=&#8220;{}&#8220;][\/et_pb_divider][\/et_pb_column][\/et_pb_row][\/et_pb_section][et_pb_section fb_built=&#8220;1&#8243; admin_label=&#8220;Footer Section&#8220; _builder_version=&#8220;4.16&#8243; background_color=&#8220;#1e1d1c&#8220; custom_padding=&#8220;90px||90px|&#8220; global_colors_info=&#8220;{}&#8220;][et_pb_row column_structure=&#8220;1_3,1_3,1_3&#8243; admin_label=&#8220;Footer Area&#8220; _builder_version=&#8220;4.16&#8243; global_colors_info=&#8220;{}&#8220;][et_pb_column type=&#8220;1_3&#8243; _builder_version=&#8220;4.16&#8243; custom_padding=&#8220;|||&#8220; global_colors_info=&#8220;{}&#8220; custom_padding__hover=&#8220;|||&#8220;][et_pb_text ul_type=&#8220;none&#8220; admin_label=&#8220;Title&#8220; _builder_version=&#8220;4.16&#8243; text_font=&#8220;Poppins||||||||&#8220; text_text_color=&#8220;rgba(255,255,255,0.7)&#8220; text_font_size=&#8220;16px&#8220; text_line_height=&#8220;1.8em&#8220; ul_font=&#8220;Poppins||||||||&#8220; ul_text_align=&#8220;center&#8220; header_font=&#8220;||||||||&#8220; header_2_font=&#8220;Poppins||||||||&#8220; header_2_text_align=&#8220;center&#8220; header_2_font_size=&#8220;24px&#8220; header_2_line_height=&#8220;1.4em&#8220; text_orientation=&#8220;center&#8220; background_layout=&#8220;dark&#8220; custom_margin=&#8220;||15px|&#8220; custom_padding=&#8220;|||&#8220; animation_style=&#8220;fade&#8220; global_colors_info=&#8220;{}&#8220;]<\/p>\n<h2>Adresse<\/h2>\n<p>Jochen Zimmer <br \/>Goldschmiede Atelier<br \/>Hauptstra\u00dfe 6 \u00b7 97437 Ha\u00dffurt<\/p>\n<p>[\/et_pb_text][\/et_pb_column][et_pb_column type=&#8220;1_3&#8243; _builder_version=&#8220;4.16&#8243; custom_padding=&#8220;|||&#8220; global_colors_info=&#8220;{}&#8220; custom_padding__hover=&#8220;|||&#8220;][et_pb_text ul_type=&#8220;none&#8220; admin_label=&#8220;Title&#8220; _builder_version=&#8220;4.16&#8243; text_font=&#8220;Poppins||||||||&#8220; text_text_color=&#8220;rgba(255,255,255,0.7)&#8220; text_font_size=&#8220;16px&#8220; text_line_height=&#8220;1.8em&#8220; ul_font=&#8220;Poppins||||||||&#8220; ul_text_align=&#8220;center&#8220; header_font=&#8220;||||||||&#8220; header_2_font=&#8220;Poppins||||||||&#8220; header_2_text_align=&#8220;center&#8220; header_2_font_size=&#8220;24px&#8220; header_2_line_height=&#8220;1.4em&#8220; text_orientation=&#8220;center&#8220; background_layout=&#8220;dark&#8220; custom_margin=&#8220;||15px|&#8220; custom_padding=&#8220;|||&#8220; animation_style=&#8220;fade&#8220; global_colors_info=&#8220;{}&#8220;]<\/p>\n<h2>Telefon \/ Mail<\/h2>\n<p>Telefon 09521 618136<br \/>E-Mail: jz@goldschmiedezimmer.de<\/p>\n<p>[\/et_pb_text][\/et_pb_column][et_pb_column type=&#8220;1_3&#8243; _builder_version=&#8220;4.16&#8243; custom_padding=&#8220;|||&#8220; global_colors_info=&#8220;{}&#8220; custom_padding__hover=&#8220;|||&#8220;][et_pb_text ul_type=&#8220;none&#8220; admin_label=&#8220;Title&#8220; _builder_version=&#8220;4.16&#8243; text_font=&#8220;Poppins||||||||&#8220; text_text_color=&#8220;rgba(255,255,255,0.7)&#8220; text_font_size=&#8220;16px&#8220; text_line_height=&#8220;1.8em&#8220; ul_font=&#8220;Poppins||||||||&#8220; ul_text_align=&#8220;center&#8220; header_font=&#8220;||||||||&#8220; header_2_font=&#8220;Poppins||||||||&#8220; header_2_text_align=&#8220;center&#8220; header_2_font_size=&#8220;24px&#8220; header_2_line_height=&#8220;1.4em&#8220; text_orientation=&#8220;center&#8220; background_layout=&#8220;dark&#8220; custom_margin=&#8220;||15px|&#8220; custom_padding=&#8220;|||&#8220; animation_style=&#8220;fade&#8220; global_colors_info=&#8220;{}&#8220;]<\/p>\n<h2>\u00d6ffnungszeiten<\/h2>\n<p>Mo. \/ Di.\u00a0 \u00a0 \u00a0 \u00a0 \u00a0 \u00a0 \u00a0 \u00a09.00 &#8211; 18.00 Uhr<\/p>\n<p>Mi.\u00a0 \u00a0 \u00a0 \u00a0 \u00a0 \u00a0 \u00a0 \u00a0 \u00a0 \u00a0 \u00a0 \u00a0 \u00a0 9.00 &#8211; 13.00 Uhr<\/p>\n<p>Do. \/ Fr.\u00a0 \u00a0 \u00a0 \u00a0 \u00a0 \u00a0 \u00a0 \u00a0 9.00 &#8211; 18.00 Uhr<\/p>\n<p>\u00a0Sa.\u00a0 \u00a0 \u00a0 Termin nach Vereinbarung<\/p>\n<p>[\/et_pb_text][\/et_pb_column][\/et_pb_row][\/et_pb_section]<\/p>\n","protected":false},"excerpt":{"rendered":"<p>GoldschmiedeAlle Trauringmodelle werden in unsererWerkstatt von Hand gefertigt. Der gro\u00dfen Auswahl bei Ringprofilen, Mattierungen,Edelmetallen und Edelsteinen sind deshalb keine Grenzengesetzt. Dadurch k\u00f6nnen wir auf Ihre individuellen W\u00fcnscheeingehen und so entsteht St\u00fcck f\u00fcr St\u00fcck Ihr ganz pers\u00f6nlicherTrau(m)ring. Auch wundersch\u00f6ne, au\u00dfergew\u00f6hnlicheSchmuckst\u00fccke werden in unserer Meisterwerkstatt gefertigt.Ob Ring, Ohrh\u00e4nger oder ein Collier, ein von uns entworfenes und von [&hellip;]<\/p>\n","protected":false},"author":1,"featured_media":0,"parent":0,"menu_order":0,"comment_status":"closed","ping_status":"closed","template":"","meta":{"_et_pb_use_builder":"on","_et_pb_old_content":"","_et_gb_content_width":"","footnotes":""},"class_list":["post-591","page","type-page","status-publish","hentry"],"yoast_head":"<!-- This site is optimized with the Yoast SEO plugin v27.4 - https:\/\/yoast.com\/product\/yoast-seo-wordpress\/ -->\n<title>Goldschmiede - Goldschmiede Zimmer \u00b7 Trauringe \u00b7\u00a0Eheringe \u00b7 Hochzeitsringe \u00b7 Schmuck \u00b7 Ha\u00dffurt \u00b7\u00a0Bamberg \u00b7 Schweinfurt<\/title>\n<meta name=\"robots\" content=\"index, follow, max-snippet:-1, max-image-preview:large, max-video-preview:-1\" \/>\n<link rel=\"canonical\" href=\"https:\/\/www.goldschmiedezimmer.de\/wp\/?page_id=591\" \/>\n<meta property=\"og:locale\" content=\"de_DE\" \/>\n<meta property=\"og:type\" content=\"article\" \/>\n<meta property=\"og:title\" content=\"Goldschmiede - Goldschmiede Zimmer \u00b7 Trauringe \u00b7\u00a0Eheringe \u00b7 Hochzeitsringe \u00b7 Schmuck \u00b7 Ha\u00dffurt \u00b7\u00a0Bamberg \u00b7 Schweinfurt\" \/>\n<meta property=\"og:description\" content=\"GoldschmiedeAlle Trauringmodelle werden in unsererWerkstatt von Hand gefertigt. Der gro\u00dfen Auswahl bei Ringprofilen, Mattierungen,Edelmetallen und Edelsteinen sind deshalb keine Grenzengesetzt. Dadurch k\u00f6nnen wir auf Ihre individuellen W\u00fcnscheeingehen und so entsteht St\u00fcck f\u00fcr St\u00fcck Ihr ganz pers\u00f6nlicherTrau(m)ring. Auch wundersch\u00f6ne, au\u00dfergew\u00f6hnlicheSchmuckst\u00fccke werden in unserer Meisterwerkstatt gefertigt.Ob Ring, Ohrh\u00e4nger oder ein Collier, ein von uns entworfenes und von [&hellip;]\" \/>\n<meta property=\"og:url\" content=\"https:\/\/www.goldschmiedezimmer.de\/wp\/?page_id=591\" \/>\n<meta property=\"og:site_name\" content=\"Goldschmiede Zimmer \u00b7 Trauringe \u00b7\u00a0Eheringe \u00b7 Hochzeitsringe \u00b7 Schmuck \u00b7 Ha\u00dffurt \u00b7\u00a0Bamberg \u00b7 Schweinfurt\" \/>\n<meta property=\"article:modified_time\" content=\"2023-05-11T12:54:05+00:00\" \/>\n<meta name=\"twitter:card\" content=\"summary_large_image\" \/>\n<meta name=\"twitter:label1\" content=\"Gesch\u00e4tzte Lesezeit\" \/>\n\t<meta name=\"twitter:data1\" content=\"7\u00a0Minuten\" \/>\n<script type=\"application\/ld+json\" class=\"yoast-schema-graph\">{\"@context\":\"https:\\\/\\\/schema.org\",\"@graph\":[{\"@type\":\"WebPage\",\"@id\":\"https:\\\/\\\/www.goldschmiedezimmer.de\\\/wp\\\/?page_id=591\",\"url\":\"https:\\\/\\\/www.goldschmiedezimmer.de\\\/wp\\\/?page_id=591\",\"name\":\"Goldschmiede - Goldschmiede Zimmer \u00b7 Trauringe \u00b7\u00a0Eheringe \u00b7 Hochzeitsringe \u00b7 Schmuck \u00b7 Ha\u00dffurt \u00b7\u00a0Bamberg \u00b7 Schweinfurt\",\"isPartOf\":{\"@id\":\"https:\\\/\\\/www.goldschmiedezimmer.de\\\/wp\\\/#website\"},\"datePublished\":\"2021-01-09T13:12:05+00:00\",\"dateModified\":\"2023-05-11T12:54:05+00:00\",\"breadcrumb\":{\"@id\":\"https:\\\/\\\/www.goldschmiedezimmer.de\\\/wp\\\/?page_id=591#breadcrumb\"},\"inLanguage\":\"de\",\"potentialAction\":[{\"@type\":\"ReadAction\",\"target\":[\"https:\\\/\\\/www.goldschmiedezimmer.de\\\/wp\\\/?page_id=591\"]}]},{\"@type\":\"BreadcrumbList\",\"@id\":\"https:\\\/\\\/www.goldschmiedezimmer.de\\\/wp\\\/?page_id=591#breadcrumb\",\"itemListElement\":[{\"@type\":\"ListItem\",\"position\":1,\"name\":\"Startseite\",\"item\":\"https:\\\/\\\/www.goldschmiedezimmer.de\\\/wp\\\/\"},{\"@type\":\"ListItem\",\"position\":2,\"name\":\"Goldschmiede\"}]},{\"@type\":\"WebSite\",\"@id\":\"https:\\\/\\\/www.goldschmiedezimmer.de\\\/wp\\\/#website\",\"url\":\"https:\\\/\\\/www.goldschmiedezimmer.de\\\/wp\\\/\",\"name\":\"Goldschmiede Zimmer \u00b7 Trauringe \u00b7\u00a0Eheringe \u00b7 Hochzeitsringe \u00b7 Schmuck \u00b7 Ha\u00dffurt \u00b7\u00a0Bamberg \u00b7 Schweinfurt\",\"description\":\"Ihr Goldschmied im Herzen von Ha\u00dffurt f\u00fcr Trauringe, Hochzeitsringe, Eheringe und Schmuck\",\"publisher\":{\"@id\":\"https:\\\/\\\/www.goldschmiedezimmer.de\\\/wp\\\/#organization\"},\"potentialAction\":[{\"@type\":\"SearchAction\",\"target\":{\"@type\":\"EntryPoint\",\"urlTemplate\":\"https:\\\/\\\/www.goldschmiedezimmer.de\\\/wp\\\/?s={search_term_string}\"},\"query-input\":{\"@type\":\"PropertyValueSpecification\",\"valueRequired\":true,\"valueName\":\"search_term_string\"}}],\"inLanguage\":\"de\"},{\"@type\":\"Organization\",\"@id\":\"https:\\\/\\\/www.goldschmiedezimmer.de\\\/wp\\\/#organization\",\"name\":\"Goldschmiede Zimmer\",\"url\":\"https:\\\/\\\/www.goldschmiedezimmer.de\\\/wp\\\/\",\"logo\":{\"@type\":\"ImageObject\",\"inLanguage\":\"de\",\"@id\":\"https:\\\/\\\/www.goldschmiedezimmer.de\\\/wp\\\/#\\\/schema\\\/logo\\\/image\\\/\",\"url\":\"https:\\\/\\\/www.goldschmiedezimmer.de\\\/wp\\\/wp-content\\\/uploads\\\/2020\\\/04\\\/cropped-zimmer_goldschnmiede_logo_silber.jpg\",\"contentUrl\":\"https:\\\/\\\/www.goldschmiedezimmer.de\\\/wp\\\/wp-content\\\/uploads\\\/2020\\\/04\\\/cropped-zimmer_goldschnmiede_logo_silber.jpg\",\"width\":512,\"height\":512,\"caption\":\"Goldschmiede Zimmer\"},\"image\":{\"@id\":\"https:\\\/\\\/www.goldschmiedezimmer.de\\\/wp\\\/#\\\/schema\\\/logo\\\/image\\\/\"}}]}<\/script>\n<!-- \/ Yoast SEO plugin. -->","yoast_head_json":{"title":"Goldschmiede - Goldschmiede Zimmer \u00b7 Trauringe \u00b7\u00a0Eheringe \u00b7 Hochzeitsringe \u00b7 Schmuck \u00b7 Ha\u00dffurt \u00b7\u00a0Bamberg \u00b7 Schweinfurt","robots":{"index":"index","follow":"follow","max-snippet":"max-snippet:-1","max-image-preview":"max-image-preview:large","max-video-preview":"max-video-preview:-1"},"canonical":"https:\/\/www.goldschmiedezimmer.de\/wp\/?page_id=591","og_locale":"de_DE","og_type":"article","og_title":"Goldschmiede - Goldschmiede Zimmer \u00b7 Trauringe \u00b7\u00a0Eheringe \u00b7 Hochzeitsringe \u00b7 Schmuck \u00b7 Ha\u00dffurt \u00b7\u00a0Bamberg \u00b7 Schweinfurt","og_description":"GoldschmiedeAlle Trauringmodelle werden in unsererWerkstatt von Hand gefertigt. Der gro\u00dfen Auswahl bei Ringprofilen, Mattierungen,Edelmetallen und Edelsteinen sind deshalb keine Grenzengesetzt. Dadurch k\u00f6nnen wir auf Ihre individuellen W\u00fcnscheeingehen und so entsteht St\u00fcck f\u00fcr St\u00fcck Ihr ganz pers\u00f6nlicherTrau(m)ring. Auch wundersch\u00f6ne, au\u00dfergew\u00f6hnlicheSchmuckst\u00fccke werden in unserer Meisterwerkstatt gefertigt.Ob Ring, Ohrh\u00e4nger oder ein Collier, ein von uns entworfenes und von [&hellip;]","og_url":"https:\/\/www.goldschmiedezimmer.de\/wp\/?page_id=591","og_site_name":"Goldschmiede Zimmer \u00b7 Trauringe \u00b7\u00a0Eheringe \u00b7 Hochzeitsringe \u00b7 Schmuck \u00b7 Ha\u00dffurt \u00b7\u00a0Bamberg \u00b7 Schweinfurt","article_modified_time":"2023-05-11T12:54:05+00:00","twitter_card":"summary_large_image","twitter_misc":{"Gesch\u00e4tzte Lesezeit":"7\u00a0Minuten"},"schema":{"@context":"https:\/\/schema.org","@graph":[{"@type":"WebPage","@id":"https:\/\/www.goldschmiedezimmer.de\/wp\/?page_id=591","url":"https:\/\/www.goldschmiedezimmer.de\/wp\/?page_id=591","name":"Goldschmiede - Goldschmiede Zimmer \u00b7 Trauringe \u00b7\u00a0Eheringe \u00b7 Hochzeitsringe \u00b7 Schmuck \u00b7 Ha\u00dffurt \u00b7\u00a0Bamberg \u00b7 Schweinfurt","isPartOf":{"@id":"https:\/\/www.goldschmiedezimmer.de\/wp\/#website"},"datePublished":"2021-01-09T13:12:05+00:00","dateModified":"2023-05-11T12:54:05+00:00","breadcrumb":{"@id":"https:\/\/www.goldschmiedezimmer.de\/wp\/?page_id=591#breadcrumb"},"inLanguage":"de","potentialAction":[{"@type":"ReadAction","target":["https:\/\/www.goldschmiedezimmer.de\/wp\/?page_id=591"]}]},{"@type":"BreadcrumbList","@id":"https:\/\/www.goldschmiedezimmer.de\/wp\/?page_id=591#breadcrumb","itemListElement":[{"@type":"ListItem","position":1,"name":"Startseite","item":"https:\/\/www.goldschmiedezimmer.de\/wp\/"},{"@type":"ListItem","position":2,"name":"Goldschmiede"}]},{"@type":"WebSite","@id":"https:\/\/www.goldschmiedezimmer.de\/wp\/#website","url":"https:\/\/www.goldschmiedezimmer.de\/wp\/","name":"Goldschmiede Zimmer \u00b7 Trauringe \u00b7\u00a0Eheringe \u00b7 Hochzeitsringe \u00b7 Schmuck \u00b7 Ha\u00dffurt \u00b7\u00a0Bamberg \u00b7 Schweinfurt","description":"Ihr Goldschmied im Herzen von Ha\u00dffurt f\u00fcr Trauringe, Hochzeitsringe, Eheringe und Schmuck","publisher":{"@id":"https:\/\/www.goldschmiedezimmer.de\/wp\/#organization"},"potentialAction":[{"@type":"SearchAction","target":{"@type":"EntryPoint","urlTemplate":"https:\/\/www.goldschmiedezimmer.de\/wp\/?s={search_term_string}"},"query-input":{"@type":"PropertyValueSpecification","valueRequired":true,"valueName":"search_term_string"}}],"inLanguage":"de"},{"@type":"Organization","@id":"https:\/\/www.goldschmiedezimmer.de\/wp\/#organization","name":"Goldschmiede Zimmer","url":"https:\/\/www.goldschmiedezimmer.de\/wp\/","logo":{"@type":"ImageObject","inLanguage":"de","@id":"https:\/\/www.goldschmiedezimmer.de\/wp\/#\/schema\/logo\/image\/","url":"https:\/\/www.goldschmiedezimmer.de\/wp\/wp-content\/uploads\/2020\/04\/cropped-zimmer_goldschnmiede_logo_silber.jpg","contentUrl":"https:\/\/www.goldschmiedezimmer.de\/wp\/wp-content\/uploads\/2020\/04\/cropped-zimmer_goldschnmiede_logo_silber.jpg","width":512,"height":512,"caption":"Goldschmiede Zimmer"},"image":{"@id":"https:\/\/www.goldschmiedezimmer.de\/wp\/#\/schema\/logo\/image\/"}}]}},"_links":{"self":[{"href":"https:\/\/www.goldschmiedezimmer.de\/wp\/index.php?rest_route=\/wp\/v2\/pages\/591","targetHints":{"allow":["GET"]}}],"collection":[{"href":"https:\/\/www.goldschmiedezimmer.de\/wp\/index.php?rest_route=\/wp\/v2\/pages"}],"about":[{"href":"https:\/\/www.goldschmiedezimmer.de\/wp\/index.php?rest_route=\/wp\/v2\/types\/page"}],"author":[{"embeddable":true,"href":"https:\/\/www.goldschmiedezimmer.de\/wp\/index.php?rest_route=\/wp\/v2\/users\/1"}],"replies":[{"embeddable":true,"href":"https:\/\/www.goldschmiedezimmer.de\/wp\/index.php?rest_route=%2Fwp%2Fv2%2Fcomments&post=591"}],"version-history":[{"count":18,"href":"https:\/\/www.goldschmiedezimmer.de\/wp\/index.php?rest_route=\/wp\/v2\/pages\/591\/revisions"}],"predecessor-version":[{"id":1054,"href":"https:\/\/www.goldschmiedezimmer.de\/wp\/index.php?rest_route=\/wp\/v2\/pages\/591\/revisions\/1054"}],"wp:attachment":[{"href":"https:\/\/www.goldschmiedezimmer.de\/wp\/index.php?rest_route=%2Fwp%2Fv2%2Fmedia&parent=591"}],"curies":[{"name":"wp","href":"https:\/\/api.w.org\/{rel}","templated":true}]}}